{"id":33,"date":"2022-09-03T13:55:13","date_gmt":"2022-09-03T11:55:13","guid":{"rendered":"http:\/\/www.zarloc.re\/?page_id=33"},"modified":"2022-09-07T10:12:10","modified_gmt":"2022-09-07T08:12:10","slug":"contact","status":"publish","type":"page","link":"https:\/\/www.zarloc.re\/?page_id=33","title":{"rendered":"Contact"},"content":{"rendered":"\n<div class=\"wp-block-columns alignfull is-layout-flex wp-container-core-columns-is-layout-28f84493 wp-block-columns-is-layout-flex\">\n<div class=\"wp-block-column is-layout-flow wp-block-column-is-layout-flow\">\n<p><\/p>\n<\/div>\n<\/div>\n\n\n\n<div class=\"wp-block-columns container is-layout-flex wp-container-core-columns-is-layout-28f84493 wp-block-columns-is-layout-flex\">\n<div class=\"wp-block-column is-vertically-aligned-center is-layout-flow wp-block-column-is-layout-flow\">\n<h2 class=\"hestia-title wp-block-heading\">Envoyez-nous un message <\/h2>\n\n\n\n<div style=\"height:40px\" aria-hidden=\"true\" class=\"wp-block-spacer\"><\/div>\n\n\n\n<div class=\"contact-wrapper\">\n\t\t\t\t\t\t\t\t\t\t\t\t\t\t\t\t\t\t\t<div class=\"content\">\n\t\t\t\n\t\t\t  <form>\n\t\t\t   <div class=\"form-group\">\n\t\t\t    <input type=\"text\" id=\"fname\" name=\"Pr\u00e9nom\" placeholder=\"Votre pr\u00e9nom..\"=\"\">\n\t\t\t<\/div>\n\t\t\t<div class=\"form-group\">\n\t\t\t    <input type=\"text\" id=\"lname\" name=\"Nom\" placeholder=\"Votre nom..\">\n\t\t\t<\/div>\n\t\t\t<div class=\"form-group\">\n\t\t\t    <textarea id=\"subject\" name=\"subject\" placeholder=\"Votre message..\" style=\"height:200px\"><\/textarea>\n\t\t\t<\/div>\n\t\t\t    <input type=\"submit\" value=\"Envoyer\">\n\t\t\t\n\t\t\t  <\/form>\n\t\t\t<\/div>\n\t\t\t<\/div>\n<\/div>\n\n\n\n<div class=\"wp-block-column is-vertically-aligned-center is-layout-flow wp-block-column-is-layout-flow\">\n<div class=\"wp-block-columns is-layout-flex wp-container-core-columns-is-layout-28f84493 wp-block-columns-is-layout-flex\">\n<div class=\"wp-block-column is-layout-flow wp-block-column-is-layout-flow\"><\/div>\n\n\n\n<div class=\"wp-block-column is-layout-flow wp-block-column-is-layout-flow\" style=\"flex-basis:50%\">\n<h4 class=\"has-text-align-left hestia-title has-text-color wp-block-heading\" style=\"color:#3c4858;font-size:18px\"><img decoding=\"async\" class=\"wp-image-86\" style=\"width: 25px;\" src=\"http:\/\/www.zarloc.re\/wp-content\/themes\/hestia\/assets\/img\/contact1.png\" alt=\"Map icon\">  Notre bureau<\/h4>\n\n\n\n<p class=\"has-text-align-left has-text-color\" style=\"color:#999999;font-size:14px\">40 rue Gervais Barret <br>La Possession, R\u00e9union<\/p>\n\n\n\n<div style=\"height:40px\" aria-hidden=\"true\" class=\"wp-block-spacer\"><\/div>\n\n\n\n<h4 class=\"has-text-align-left hestia-title has-text-color wp-block-heading\" style=\"color:#3c4858;font-size:18px\"><img decoding=\"async\" class=\"wp-image-98\" style=\"width: 25px;\" src=\"http:\/\/www.zarloc.re\/wp-content\/themes\/hestia\/assets\/img\/contact2.png\" alt=\"\">  <strong><strong>Nos coordonn\u00e9es<\/strong><\/strong><\/h4>\n\n\n\n<p class=\"has-text-align-left has-text-color\" style=\"color:#999999;font-size:14px\">resa@zarloc.re<br>06 93 115 306<br>Lun &#8211; Sam , 8:00-22:00<\/p>\n\n\n\n<div style=\"height:40px\" aria-hidden=\"true\" class=\"wp-block-spacer\"><\/div>\n\n\n\n<h4 class=\"has-text-align-left hestia-title has-text-color wp-block-heading\" style=\"color:#3c4858;font-size:18px\"><img decoding=\"async\" class=\"wp-image-105\" style=\"width: 25px;\" src=\"http:\/\/www.zarloc.re\/wp-content\/themes\/hestia\/assets\/img\/contact3.png\" alt=\"\"><strong>  <strong>Informations l\u00e9gales <\/strong><\/strong><\/h4>\n\n\n\n<p class=\"has-text-align-left has-text-color\" style=\"color:#999999;font-size:14px\">ZARLOC<br>SIREN : 908666423<\/p>\n<\/div>\n\n\n\n<div class=\"wp-block-column is-layout-flow wp-block-column-is-layout-flow\"><\/div>\n<\/div>\n<\/div>\n<\/div>\n\n\n\n<p><\/p>\n","protected":false},"excerpt":{"rendered":"<p>Envoyez-nous un message Notre bureau 40 rue Gervais Barret La Possession, R\u00e9union Nos coordonn\u00e9es resa@zarloc.re06 93 115 306Lun &#8211; Sam , 8:00-22:00 Informations l\u00e9gales ZARLOCSIREN : 908666423<\/p>\n","protected":false},"author":1,"featured_media":25,"parent":0,"menu_order":0,"comment_status":"closed","ping_status":"closed","template":"page-templates\/template-pagebuilder-full-width.php","meta":{"footnotes":""},"class_list":["post-33","page","type-page","status-publish","has-post-thumbnail","hentry"],"jetpack_sharing_enabled":true,"_links":{"self":[{"href":"https:\/\/www.zarloc.re\/index.php?rest_route=\/wp\/v2\/pages\/33","targetHints":{"allow":["GET"]}}],"collection":[{"href":"https:\/\/www.zarloc.re\/index.php?rest_route=\/wp\/v2\/pages"}],"about":[{"href":"https:\/\/www.zarloc.re\/index.php?rest_route=\/wp\/v2\/types\/page"}],"author":[{"embeddable":true,"href":"https:\/\/www.zarloc.re\/index.php?rest_route=\/wp\/v2\/users\/1"}],"replies":[{"embeddable":true,"href":"https:\/\/www.zarloc.re\/index.php?rest_route=%2Fwp%2Fv2%2Fcomments&post=33"}],"version-history":[{"count":11,"href":"https:\/\/www.zarloc.re\/index.php?rest_route=\/wp\/v2\/pages\/33\/revisions"}],"predecessor-version":[{"id":131,"href":"https:\/\/www.zarloc.re\/index.php?rest_route=\/wp\/v2\/pages\/33\/revisions\/131"}],"wp:featuredmedia":[{"embeddable":true,"href":"https:\/\/www.zarloc.re\/index.php?rest_route=\/wp\/v2\/media\/25"}],"wp:attachment":[{"href":"https:\/\/www.zarloc.re\/index.php?rest_route=%2Fwp%2Fv2%2Fmedia&parent=33"}],"curies":[{"name":"wp","href":"https:\/\/api.w.org\/{rel}","templated":true}]}}